{"id":22621,"date":"2022-07-13T16:03:34","date_gmt":"2022-07-13T14:03:34","guid":{"rendered":"https:\/\/4pets.pl\/?post_type=product&#038;p=22621"},"modified":"2025-04-16T12:38:30","modified_gmt":"2025-04-16T10:38:30","slug":"szampon-4pets-light","status":"publish","type":"product","link":"https:\/\/4pets.pl\/index.php\/produkt\/szampon-4pets-light\/","title":{"rendered":"Szampon 4pets LIGHT"},"content":{"rendered":"<p>Szampon <strong>4pets LIGHT <\/strong>dobrze domywa lekko zabrudzon\u0105 sier\u015b\u0107.<br \/>\nOparty jest na delikatnych, naturalnych zwi\u0105zkach myj\u0105cych niepodra\u017cniaj\u0105cych wra\u017cliwej sk\u00f3ry ps\u00f3w. Dodatki naturalnych wyci\u0105g\u00f3w owocowych i ekstrakt\u00f3w kwiatowych sprawiaj\u0105, \u017ce po umyciu sk\u00f3ra jest nawil\u017cona, wspomagaj\u0105 odbudow\u0119 nask\u00f3rka. Ekstrakt z aloesu nawil\u017ca i \u0142agodzi ewentualne skutki przesuszenia, lub alergii.<br \/>\nRzadsza konsystencja u\u0142atwia rozprowadzanie szamponu podczas mycia.<\/p>\n<p>Przeznaczenie: do ka\u017cdej sier\u015bci<br \/>\nWiek: m\u0142ode i doros\u0142e psy<\/p>\n<p>Sk\u0142ad: aqua, anionowe, amfoteryczne i niejonowe zwi\u0105zki powierzchniowo czynne, gliceryna ro\u015blinna, ekstrakt z li\u015bci aloesu, hydrolizowane bia\u0142ka jedwabiu, kwas cytrynowy, potassium sorbate, natrii benzoas, substancje zapasowe<\/p>\n","protected":false},"excerpt":{"rendered":"<p>Szampon 4pets LIGHT dobrze domywa lekko zabrudzon\u0105 sier\u015b\u0107. Oparty jest na delikatnych, naturalnych zwi\u0105zkach myj\u0105cych niepodra\u017cniaj\u0105cych wra\u017cliwej sk\u00f3ry ps\u00f3w. Dodatki&hellip;<\/p>\n","protected":false},"featured_media":22641,"template":"","meta":[],"product_brand":[],"product_cat":[64,30,31],"product_tag":[],"class_list":{"0":"post-22621","1":"product","2":"type-product","3":"status-publish","4":"has-post-thumbnail","6":"product_cat-4pets","7":"product_cat-higiena","8":"product_cat-szampony","10":"first","11":"instock","12":"shipping-taxable","13":"purchasable","14":"product-type-variable"},"_links":{"self":[{"href":"https:\/\/4pets.pl\/index.php\/wp-json\/wp\/v2\/product\/22621","targetHints":{"allow":["GET"]}}],"collection":[{"href":"https:\/\/4pets.pl\/index.php\/wp-json\/wp\/v2\/product"}],"about":[{"href":"https:\/\/4pets.pl\/index.php\/wp-json\/wp\/v2\/types\/product"}],"wp:featuredmedia":[{"embeddable":true,"href":"https:\/\/4pets.pl\/index.php\/wp-json\/wp\/v2\/media\/22641"}],"wp:attachment":[{"href":"https:\/\/4pets.pl\/index.php\/wp-json\/wp\/v2\/media?parent=22621"}],"wp:term":[{"taxonomy":"product_brand","embeddable":true,"href":"https:\/\/4pets.pl\/index.php\/wp-json\/wp\/v2\/product_brand?post=22621"},{"taxonomy":"product_cat","embeddable":true,"href":"https:\/\/4pets.pl\/index.php\/wp-json\/wp\/v2\/product_cat?post=22621"},{"taxonomy":"product_tag","embeddable":true,"href":"https:\/\/4pets.pl\/index.php\/wp-json\/wp\/v2\/product_tag?post=22621"}],"curies":[{"name":"wp","href":"https:\/\/api.w.org\/{rel}","templated":true}]}}