{"id":22622,"date":"2022-07-13T16:12:08","date_gmt":"2022-07-13T14:12:08","guid":{"rendered":"https:\/\/4pets.pl\/?post_type=product&#038;p=22622"},"modified":"2023-06-02T13:24:57","modified_gmt":"2023-06-02T11:24:57","slug":"szampon-4pets-black","status":"publish","type":"product","link":"https:\/\/4pets.pl\/index.php\/produkt\/szampon-4pets-black\/","title":{"rendered":"Szampon 4pets BLACK"},"content":{"rendered":"<p>Szampon <strong>4pets BLACK<\/strong> pog\u0142\u0119bia czarny kolor sier\u015bci.<br \/>\nOparty jest na delikatnych, naturalnych zwi\u0105zkach myj\u0105cych niepodra\u017cniaj\u0105cych wra\u017cliwej sk\u00f3ry ps\u00f3w. Dodatki naturalnych wyci\u0105g\u00f3w owocowych i ekstrakt\u00f3w kwiatowych sprawiaj\u0105, \u017ce po umyciu sk\u00f3ra jest nawil\u017cona, wspomagaj\u0105 odbudow\u0119 nask\u00f3rka. Ekstrakt z aloesu nawil\u017ca i \u0142agodzi ewentualne skutki przesuszenia, lub alergii.<br \/>\nSzampon bardzo dobrze domywa, pog\u0142ebia czer\u0144 i kryje wyp\u0142owiale w\u0142osy, u\u0142atwia rozczesywanie, daje efekt l\u015bni\u0105cych w\u0142os\u00f3w.<\/p>\n<p>Przeznaczenie: do czarnej\/ciemnej sier\u015bci<br \/>\nWiek: m\u0142ode i doros\u0142e psy<\/p>\n<p>Sk\u0142ad: aqua, amfoteryczne, anionowe i niejonowe zwi\u0105zki powierzchniowo czynne, ekstrakt z li\u015bci aloesu, hydroizolowane bia\u0142ka jedwabiu gliceryna ro\u015blinna, DC Violet 2, potassium sorbate, natrii benzoas, kwas cytrynowy, substancje zapachowe<\/p>\n","protected":false},"excerpt":{"rendered":"<p>Szampon 4pets BLACK pog\u0142\u0119bia czarny kolor sier\u015bci. Oparty jest na delikatnych, naturalnych zwi\u0105zkach myj\u0105cych niepodra\u017cniaj\u0105cych wra\u017cliwej sk\u00f3ry ps\u00f3w. Dodatki naturalnych&hellip;<\/p>\n","protected":false},"featured_media":22863,"template":"","meta":[],"product_brand":[],"product_cat":[64,30,31],"product_tag":[],"class_list":{"0":"post-22622","1":"product","2":"type-product","3":"status-publish","4":"has-post-thumbnail","6":"product_cat-4pets","7":"product_cat-higiena","8":"product_cat-szampony","10":"first","11":"instock","12":"shipping-taxable","13":"purchasable","14":"product-type-variable"},"_links":{"self":[{"href":"https:\/\/4pets.pl\/index.php\/wp-json\/wp\/v2\/product\/22622","targetHints":{"allow":["GET"]}}],"collection":[{"href":"https:\/\/4pets.pl\/index.php\/wp-json\/wp\/v2\/product"}],"about":[{"href":"https:\/\/4pets.pl\/index.php\/wp-json\/wp\/v2\/types\/product"}],"wp:featuredmedia":[{"embeddable":true,"href":"https:\/\/4pets.pl\/index.php\/wp-json\/wp\/v2\/media\/22863"}],"wp:attachment":[{"href":"https:\/\/4pets.pl\/index.php\/wp-json\/wp\/v2\/media?parent=22622"}],"wp:term":[{"taxonomy":"product_brand","embeddable":true,"href":"https:\/\/4pets.pl\/index.php\/wp-json\/wp\/v2\/product_brand?post=22622"},{"taxonomy":"product_cat","embeddable":true,"href":"https:\/\/4pets.pl\/index.php\/wp-json\/wp\/v2\/product_cat?post=22622"},{"taxonomy":"product_tag","embeddable":true,"href":"https:\/\/4pets.pl\/index.php\/wp-json\/wp\/v2\/product_tag?post=22622"}],"curies":[{"name":"wp","href":"https:\/\/api.w.org\/{rel}","templated":true}]}}