{"id":22623,"date":"2022-07-13T16:14:17","date_gmt":"2022-07-13T14:14:17","guid":{"rendered":"https:\/\/4pets.pl\/?post_type=product&#038;p=22623"},"modified":"2023-10-13T11:15:33","modified_gmt":"2023-10-13T09:15:33","slug":"szampon-4pets-white","status":"publish","type":"product","link":"https:\/\/4pets.pl\/index.php\/produkt\/szampon-4pets-white\/","title":{"rendered":"Szampon 4pets WHITE"},"content":{"rendered":"<p>Szampon <strong>4pets WHITE<\/strong> uwydatnia bia\u0142y kolor sier\u015bci.<br \/>\nOparty jest na delikatnych, naturalnych zwi\u0105zkach myj\u0105cych niepodra\u017cniaj\u0105cych wra\u017cliwej sk\u00f3ry ps\u00f3w. Dodatki naturalnych wyci\u0105g\u00f3w owocowych i ekstrakt\u00f3w kwiatowych sprawiaj\u0105, \u017ce po umyciu sk\u00f3ra jest nawil\u017cona, wspomagaj\u0105 odbudow\u0119 nask\u00f3rka. Ekstrakt z aloesu nawil\u017ca i \u0142agodzi ewentualne skutki przesuszenia, lub alergii.<br \/>\nSzampon bardzo dobrze domywa i usuwa przebarwienia, u\u0142atwia rozczesywanie.<\/p>\n<p>Przeznaczenie: do bia\u0142ej sier\u015bci<br \/>\nWiek: m\u0142ode i doros\u0142e psy<\/p>\n<p>Sk\u0142ad: aqua, amfoteryczne, anionowe i niejonowe zwi\u0105zki powierzchniowo czynne, ekstrakt z li\u015bci aloesu, hydroizolowane bia\u0142ka jedwabiu gliceryna ro\u015blinna, DC Violet 2, potassium sorbate, natrii benzoas, kwas cytrynowy, substancje zapachowe<\/p>\n","protected":false},"excerpt":{"rendered":"<p>Szampon 4pets WHITE uwydatnia bia\u0142y kolor sier\u015bci. Oparty jest na delikatnych, naturalnych zwi\u0105zkach myj\u0105cych niepodra\u017cniaj\u0105cych wra\u017cliwej sk\u00f3ry ps\u00f3w. Dodatki naturalnych&hellip;<\/p>\n","protected":false},"featured_media":22863,"template":"","meta":[],"product_brand":[],"product_cat":[64,30,31],"product_tag":[],"class_list":{"0":"post-22623","1":"product","2":"type-product","3":"status-publish","4":"has-post-thumbnail","6":"product_cat-4pets","7":"product_cat-higiena","8":"product_cat-szampony","10":"first","11":"instock","12":"shipping-taxable","13":"purchasable","14":"product-type-variable","15":"has-default-attributes"},"_links":{"self":[{"href":"https:\/\/4pets.pl\/index.php\/wp-json\/wp\/v2\/product\/22623","targetHints":{"allow":["GET"]}}],"collection":[{"href":"https:\/\/4pets.pl\/index.php\/wp-json\/wp\/v2\/product"}],"about":[{"href":"https:\/\/4pets.pl\/index.php\/wp-json\/wp\/v2\/types\/product"}],"wp:featuredmedia":[{"embeddable":true,"href":"https:\/\/4pets.pl\/index.php\/wp-json\/wp\/v2\/media\/22863"}],"wp:attachment":[{"href":"https:\/\/4pets.pl\/index.php\/wp-json\/wp\/v2\/media?parent=22623"}],"wp:term":[{"taxonomy":"product_brand","embeddable":true,"href":"https:\/\/4pets.pl\/index.php\/wp-json\/wp\/v2\/product_brand?post=22623"},{"taxonomy":"product_cat","embeddable":true,"href":"https:\/\/4pets.pl\/index.php\/wp-json\/wp\/v2\/product_cat?post=22623"},{"taxonomy":"product_tag","embeddable":true,"href":"https:\/\/4pets.pl\/index.php\/wp-json\/wp\/v2\/product_tag?post=22623"}],"curies":[{"name":"wp","href":"https:\/\/api.w.org\/{rel}","templated":true}]}}