{"id":23209,"date":"2023-02-22T14:51:42","date_gmt":"2023-02-22T13:51:42","guid":{"rendered":"https:\/\/4pets.pl\/?post_type=product&#038;p=23209"},"modified":"2024-04-23T14:08:52","modified_gmt":"2024-04-23T12:08:52","slug":"welurowe-szelki","status":"publish","type":"product","link":"https:\/\/4pets.pl\/index.php\/produkt\/welurowe-szelki\/","title":{"rendered":"welurowe szelki"},"content":{"rendered":"<p>Welurowe szelki dla kot\u00f3w, szczeniak\u00f3w lub ps\u00f3w mniejszych ras w kolorze niebieskim.<\/p>\n<p>Dzi\u0119ki klamrom mo\u017cliwo\u015b\u0107 regulacji. Materia\u0142 nie ch\u0142onie wody oraz istnieje mo\u017cliwo\u015b\u0107 prania w pralce.<\/p>\n<p>Produkt w 100% produkcji polskiej. \ud83d\ude42<\/p>\n","protected":false},"excerpt":{"rendered":"<p>Welurowe szelki dla kot\u00f3w, szczeniak\u00f3w lub ps\u00f3w mniejszych ras w kolorze niebieskim. Dzi\u0119ki klamrom mo\u017cliwo\u015b\u0107 regulacji. Materia\u0142 nie ch\u0142onie wody&hellip;<\/p>\n","protected":false},"featured_media":23212,"template":"","meta":[],"product_brand":[],"product_cat":[64,16],"product_tag":[],"class_list":{"0":"post-23209","1":"product","2":"type-product","3":"status-publish","4":"has-post-thumbnail","6":"product_cat-4pets","7":"product_cat-akcesoria","9":"first","10":"instock","11":"shipping-taxable","12":"purchasable","13":"product-type-simple"},"_links":{"self":[{"href":"https:\/\/4pets.pl\/index.php\/wp-json\/wp\/v2\/product\/23209","targetHints":{"allow":["GET"]}}],"collection":[{"href":"https:\/\/4pets.pl\/index.php\/wp-json\/wp\/v2\/product"}],"about":[{"href":"https:\/\/4pets.pl\/index.php\/wp-json\/wp\/v2\/types\/product"}],"wp:featuredmedia":[{"embeddable":true,"href":"https:\/\/4pets.pl\/index.php\/wp-json\/wp\/v2\/media\/23212"}],"wp:attachment":[{"href":"https:\/\/4pets.pl\/index.php\/wp-json\/wp\/v2\/media?parent=23209"}],"wp:term":[{"taxonomy":"product_brand","embeddable":true,"href":"https:\/\/4pets.pl\/index.php\/wp-json\/wp\/v2\/product_brand?post=23209"},{"taxonomy":"product_cat","embeddable":true,"href":"https:\/\/4pets.pl\/index.php\/wp-json\/wp\/v2\/product_cat?post=23209"},{"taxonomy":"product_tag","embeddable":true,"href":"https:\/\/4pets.pl\/index.php\/wp-json\/wp\/v2\/product_tag?post=23209"}],"curies":[{"name":"wp","href":"https:\/\/api.w.org\/{rel}","templated":true}]}}