{"id":23461,"date":"2023-06-01T17:22:35","date_gmt":"2023-06-01T15:22:35","guid":{"rendered":"https:\/\/4pets.pl\/?post_type=product&#038;p=23461"},"modified":"2023-10-13T11:07:51","modified_gmt":"2023-10-13T09:07:51","slug":"grow-ryba-morska-dorosly-s-m","status":"publish","type":"product","link":"https:\/\/4pets.pl\/index.php\/produkt\/grow-ryba-morska-dorosly-s-m\/","title":{"rendered":"Grow Ryba Morska doros\u0142y S\/M"},"content":{"rendered":"<p>Grow Adult Small\/Medium Ryba Morska,<br \/>\nkarma dla doros\u0142ych ps\u00f3w ras ma\u0142ych i \u015brednich, do codziennego stosowania.<\/p>\n<p>Sk\u0142ad analityczny:<br \/>\nbia\u0142ko 24%, t\u0142uszcz 14%, w\u0119glowodany, b\u0142onnik, popi\u00f3\u0142 6,5%, w\u0142\u00f3kno 2,3%, wap\u0144 1,5%, fosfor 1%, dodatki: witaminowe (wit A, B1, B2, B6, B12, C, D3, E, K1); mineralne (biotyna, mied\u017a, cynk, s\u00f3d, selen, jod, \u017celazo).<\/p>\n<p>Warto\u015b\u0107 energetyczna 365kcal\/100g<\/p>\n<p>Sk\u0142ad: ryba morska (~46%), mi\u0119so i t\u0142uszcz z \u0142ososia (~14%), ekstrudowany ry\u017c, ekstrudowana pszenica, marchew, jab\u0142ka, buraki, serwatka, dro\u017cd\u017ce pogorzelniane, olej lniany, czarnuszka.<\/p>\n<p>Wielko\u015b\u0107 kulki 5-7mm<\/p>\n<p>&nbsp;<\/p>\n<table border=\"0\" rules=\"NONE\" cellspacing=\"0\">\n<colgroup>\n<col width=\"300\" \/>\n<col width=\"300\" \/><\/colgroup>\n<tbody>\n<tr>\n<td style=\"text-align: center\" colspan=\"2\" align=\"LEFT\" width=\"300\" height=\"17\"><b>Zalecana dawka dzienna:<\/b><\/td>\n<\/tr>\n<tr>\n<td align=\"CENTER\" valign=\"MIDDLE\" height=\"32\"><b>Waga psa (kg)<\/b><\/td>\n<td align=\"CENTER\" valign=\"MIDDLE\"><b>Zalecana dawka dzienna (g) <\/b><\/td>\n<\/tr>\n<tr>\n<td align=\"CENTER\" valign=\"MIDDLE\" height=\"17\"><b>1 &#8211; 5 <\/b><\/td>\n<td align=\"CENTER\" valign=\"MIDDLE\"><b>40-110<\/b><\/td>\n<\/tr>\n<tr>\n<td align=\"CENTER\" valign=\"MIDDLE\" height=\"18\"><b>5 &#8211; 15<\/b><\/td>\n<td align=\"CENTER\" valign=\"MIDDLE\"><b>80-215<\/b><\/td>\n<\/tr>\n<tr>\n<td align=\"CENTER\" valign=\"MIDDLE\" height=\"18\"><b>15 &#8211; 30 <\/b><\/td>\n<td align=\"CENTER\" valign=\"MIDDLE\"><b>215-330<\/b><\/td>\n<\/tr>\n<tr>\n<td align=\"CENTER\" valign=\"MIDDLE\" height=\"18\"><b>30 &#8211; 45<\/b><\/td>\n<td align=\"CENTER\" valign=\"MIDDLE\"><b>330-450<\/b><\/td>\n<\/tr>\n<tr>\n<td align=\"CENTER\" valign=\"MIDDLE\" height=\"17\"><b>45 &#8211; 60<\/b><\/td>\n<td align=\"CENTER\" valign=\"MIDDLE\"><b>450-540<\/b><\/td>\n<\/tr>\n<tr>\n<td align=\"CENTER\" valign=\"MIDDLE\" height=\"17\"><b>Pow. 60<\/b><\/td>\n<td align=\"CENTER\" valign=\"MIDDLE\"><b>Pow 540<\/b><\/td>\n<\/tr>\n<\/tbody>\n<\/table>\n<p>Uwaga, ka\u017cdy pies ma indywidualne zapotrzebowanie na pokarm, dawka dzienna ka\u017cdorazowo powinna by\u0107 dostosowana osobniczo.<\/p>\n<p>W produkcji nie u\u017cyto konserwant\u00f3w, sztucznych barwnik\u00f3w, czy polepszaczy, karma jest tylko pasteryzowana.<\/p>\n<p>GROW ma kr\u00f3tki, czteromiesi\u0119czny okres przydatno\u015bci do spo\u017cycia, jest to wynikiem sk\u0142adu karmy opartego na naturalnych sk\u0142adnikach.<\/p>\n<p>Twardo\u015b\u0107 granulek GROW wymusza gryzienie i zapobiega osadzaniu si\u0119 kamienia naz\u0119bnego.<\/p>\n<p><img loading=\"lazy\" decoding=\"async\" class=\"wp-image-7486 aligncenter\" src=\"https:\/\/growfood.pl\/wp-content\/uploads\/2019\/07\/zalety-karm-600x506.jpg\" alt=\"\" width=\"501\" height=\"422\" \/><\/p>\n<p>&nbsp;<\/p>\n<p>Przed zakupem koniecznie przeczytaj:<br \/>\n<a href=\"https:\/\/growfood.pl\/przechowywanie-karm\/\">https:\/\/growfood.pl\/przechowywanie-karm\/<\/a><br \/>\n<a href=\"https:\/\/growfood.pl\/zmiana-karmy\/\">https:\/\/growfood.pl\/zmiana-karmy\/<\/a><\/p>\n<p>&nbsp;<\/p>\n<p>*Zbo\u017ca ekstrudowane (ry\u017c, pszenica) to produkt naturalny, nie zawieraj\u0105cy konserwant\u00f3w, spulchniaczy, czy polepszaczy smaku, przetworzony poprzez obr\u00f3bk\u0119 surowca (zbo\u017ca)<br \/>\nw temperaturze do 200\u00b0C, w otoczeniu wilgotnym i pod ci\u015bnieniem dochodz\u0105cym do 200MPa, w czasie do 30sekund.<br \/>\nObr\u00f3bka taka pozytywnie wp\u0142ywa na produkt, sterylizuj\u0105c go i podnosz\u0105c strawno\u015b\u0107 bia\u0142ka, zmieniaj\u0105c skrobi\u0119 w cukry i umo\u017cliwiaj\u0105c trawienie zbo\u017ca przez psa.<\/p>\n","protected":false},"excerpt":{"rendered":"<p>Grow Adult Small\/Medium Ryba Morska, karma dla doros\u0142ych ps\u00f3w ras ma\u0142ych i \u015brednich, do codziennego stosowania. Sk\u0142ad analityczny: bia\u0142ko 24%,&hellip;<\/p>\n","protected":false},"featured_media":23496,"template":"","meta":[],"product_brand":[],"product_cat":[63,26,20],"product_tag":[],"class_list":{"0":"post-23461","1":"product","2":"type-product","3":"status-publish","4":"has-post-thumbnail","6":"product_cat-grow","7":"product_cat-karma-sucha","8":"product_cat-pies","10":"first","11":"instock","12":"shipping-taxable","13":"purchasable","14":"product-type-variable"},"_links":{"self":[{"href":"https:\/\/4pets.pl\/index.php\/wp-json\/wp\/v2\/product\/23461","targetHints":{"allow":["GET"]}}],"collection":[{"href":"https:\/\/4pets.pl\/index.php\/wp-json\/wp\/v2\/product"}],"about":[{"href":"https:\/\/4pets.pl\/index.php\/wp-json\/wp\/v2\/types\/product"}],"wp:featuredmedia":[{"embeddable":true,"href":"https:\/\/4pets.pl\/index.php\/wp-json\/wp\/v2\/media\/23496"}],"wp:attachment":[{"href":"https:\/\/4pets.pl\/index.php\/wp-json\/wp\/v2\/media?parent=23461"}],"wp:term":[{"taxonomy":"product_brand","embeddable":true,"href":"https:\/\/4pets.pl\/index.php\/wp-json\/wp\/v2\/product_brand?post=23461"},{"taxonomy":"product_cat","embeddable":true,"href":"https:\/\/4pets.pl\/index.php\/wp-json\/wp\/v2\/product_cat?post=23461"},{"taxonomy":"product_tag","embeddable":true,"href":"https:\/\/4pets.pl\/index.php\/wp-json\/wp\/v2\/product_tag?post=23461"}],"curies":[{"name":"wp","href":"https:\/\/api.w.org\/{rel}","templated":true}]}}