{"id":23465,"date":"2023-06-01T17:22:35","date_gmt":"2023-06-01T15:22:35","guid":{"rendered":"https:\/\/4pets.pl\/?post_type=product&#038;p=23465"},"modified":"2023-06-01T17:26:32","modified_gmt":"2023-06-01T15:26:32","slug":"grow-olej-z-lososia","status":"publish","type":"product","link":"https:\/\/4pets.pl\/index.php\/produkt\/grow-olej-z-lososia\/","title":{"rendered":"GROW Olej z \u0142ososia"},"content":{"rendered":"<p>T\u0142oczony na zimno czysty olej z \u0142ososia, bez dodatk\u00f3w, bez konserwant\u00f3w.<\/p>\n<p>Olej z \u0142ososia to naturalne \u017ar\u00f3d\u0142o nienasyconych kwas\u00f3w t\u0142uszczowych omega 3 i 6, kt\u00f3re s\u0105 niezb\u0119dne w prawid\u0142owym \u017cywieniu zwierz\u0105t. Zawarto\u015b\u0107 witaminy i prowitaminy B1 i B6 wzmacnia organizm, pomaga w uzyskaniu zdrowego wygl\u0105du sk\u00f3ry i sier\u015bci. Olej z \u0142ososia wspiera optymalne trawienie, a nienasycone kwasy t\u0142uszczowe maj\u0105ce w\u0142a\u015bciwo\u015bci przeciwzapalne wspomagaj\u0105 prawid\u0142owe dzia\u0142anie uk\u0142adu pokarmowego i wzbogacaj\u0105 o warto\u015bciowe sk\u0142adniki ka\u017cd\u0105 karm\u0119.<\/p>\n<p>GROW Olej z \u0142ososia opr\u00f3cz wysokiej jako\u015bci i czysto\u015bci sk\u0142adu, posiada z\u0142ot\u0105 proporcj\u0119 kwas\u00f3w omega 3 (15,5g\/100g) i 6 (14,7 g\/100g) w tym wysok\u0105 zawarto\u015b\u0107 kwas\u00f3w omega 3: dokozaheksanowy (DHA 4,07g\/100g), kwas eikozapentaenowy (EPA 2,92g\/100g) oraz kwas \u03b1-linolenowy (ALA 6,07g\/100g)<\/p>\n<p>Przy jednoczesnym zachowaniu bardzo niskiej zawarto\u015bci metali ci\u0119\u017ckich:<br \/>\nRt\u0119\u0107 (Hg) &lt;0,010 mg\/kg<br \/>\nKadm (Cd) &lt;0,010 mg\/kg<br \/>\nArsen (As) 0,82 mg\/kg<br \/>\nO\u0142\u00f3w (Pb) &lt;0,050<\/p>\n<p>Zdj\u0119cia pokazuj\u0105 kanister 1litr<\/p>\n","protected":false},"excerpt":{"rendered":"<p>Czysty olej z \u0142ososia, bez dodatk\u00f3w, bez konserwant\u00f3w.<\/p>\n","protected":false},"featured_media":23508,"template":"","meta":[],"product_brand":[],"product_cat":[78,82,83],"product_tag":[],"class_list":{"0":"post-23465","1":"product","2":"type-product","3":"status-publish","4":"has-post-thumbnail","6":"product_cat-karma-sucha-2","7":"product_cat-oleje-zimnotloczone-2","8":"product_cat-przysmaki-gryzaki","10":"first","11":"instock","12":"shipping-taxable","13":"purchasable","14":"product-type-variable","15":"has-default-attributes"},"_links":{"self":[{"href":"https:\/\/4pets.pl\/index.php\/wp-json\/wp\/v2\/product\/23465","targetHints":{"allow":["GET"]}}],"collection":[{"href":"https:\/\/4pets.pl\/index.php\/wp-json\/wp\/v2\/product"}],"about":[{"href":"https:\/\/4pets.pl\/index.php\/wp-json\/wp\/v2\/types\/product"}],"wp:featuredmedia":[{"embeddable":true,"href":"https:\/\/4pets.pl\/index.php\/wp-json\/wp\/v2\/media\/23508"}],"wp:attachment":[{"href":"https:\/\/4pets.pl\/index.php\/wp-json\/wp\/v2\/media?parent=23465"}],"wp:term":[{"taxonomy":"product_brand","embeddable":true,"href":"https:\/\/4pets.pl\/index.php\/wp-json\/wp\/v2\/product_brand?post=23465"},{"taxonomy":"product_cat","embeddable":true,"href":"https:\/\/4pets.pl\/index.php\/wp-json\/wp\/v2\/product_cat?post=23465"},{"taxonomy":"product_tag","embeddable":true,"href":"https:\/\/4pets.pl\/index.php\/wp-json\/wp\/v2\/product_tag?post=23465"}],"curies":[{"name":"wp","href":"https:\/\/api.w.org\/{rel}","templated":true}]}}