{"id":23469,"date":"2023-06-01T17:22:36","date_gmt":"2023-06-01T15:22:36","guid":{"rendered":"https:\/\/4pets.pl\/?post_type=product&#038;p=23469"},"modified":"2024-01-17T07:32:22","modified_gmt":"2024-01-17T06:32:22","slug":"grow-serca-wolowe-200g","status":"publish","type":"product","link":"https:\/\/4pets.pl\/index.php\/produkt\/grow-serca-wolowe-200g\/","title":{"rendered":"GROW Serca wo\u0142owe 200g"},"content":{"rendered":"<p>Kawa\u0142ki mi\u0119\u015bnia sercowego bogatego w bia\u0142ko i \u017celazo,<br \/>\nstanowi\u0105ce bardzo po\u017cywn\u0105 przek\u0105sk\u0119.<br \/>\nMi\u0119so o do\u015b\u0107 niskiej zawarto\u015bci t\u0142uszczu idealne dla ps\u00f3w<br \/>\nz nadwag\u0105.<br \/>\n\u0141atwe do pokruszenia, intensywny przyjemny zapach<br \/>\nsprawia, \u017ce s\u0105 ch\u0119tnie u\u017cywane podczas treningu.<\/p>\n<p>GROW Przysmaki i Gryzaki s\u0105 produkowane w Polsce w ca\u0142o\u015bci z polskich produkt\u00f3w.<br \/>\nProces produkcji w stosunkowo niskiej temperaturze pozwala zachowa\u0107 maksimum<br \/>\nwarto\u015bci od\u017cywczych, a kilkuminutowa pasteryzacja na koniec zapewnia<br \/>\nbezpiecze\u0144stwo produktu.<\/p>\n","protected":false},"excerpt":{"rendered":"<p>Kawa\u0142ki mi\u0119\u015bnia sercowego bogatego w bia\u0142ko i \u017celazo, stanowi\u0105ce bardzo po\u017cywn\u0105 przek\u0105sk\u0119. Mi\u0119so o do\u015b\u0107 niskiej zawarto\u015bci t\u0142uszczu idealne dla&hellip;<\/p>\n","protected":false},"featured_media":23514,"template":"","meta":[],"product_brand":[],"product_cat":[63,20,83],"product_tag":[],"class_list":{"0":"post-23469","1":"product","2":"type-product","3":"status-publish","4":"has-post-thumbnail","6":"product_cat-grow","7":"product_cat-pies","8":"product_cat-przysmaki-gryzaki","10":"first","11":"outofstock","12":"shipping-taxable","13":"purchasable","14":"product-type-simple"},"_links":{"self":[{"href":"https:\/\/4pets.pl\/index.php\/wp-json\/wp\/v2\/product\/23469","targetHints":{"allow":["GET"]}}],"collection":[{"href":"https:\/\/4pets.pl\/index.php\/wp-json\/wp\/v2\/product"}],"about":[{"href":"https:\/\/4pets.pl\/index.php\/wp-json\/wp\/v2\/types\/product"}],"wp:featuredmedia":[{"embeddable":true,"href":"https:\/\/4pets.pl\/index.php\/wp-json\/wp\/v2\/media\/23514"}],"wp:attachment":[{"href":"https:\/\/4pets.pl\/index.php\/wp-json\/wp\/v2\/media?parent=23469"}],"wp:term":[{"taxonomy":"product_brand","embeddable":true,"href":"https:\/\/4pets.pl\/index.php\/wp-json\/wp\/v2\/product_brand?post=23469"},{"taxonomy":"product_cat","embeddable":true,"href":"https:\/\/4pets.pl\/index.php\/wp-json\/wp\/v2\/product_cat?post=23469"},{"taxonomy":"product_tag","embeddable":true,"href":"https:\/\/4pets.pl\/index.php\/wp-json\/wp\/v2\/product_tag?post=23469"}],"curies":[{"name":"wp","href":"https:\/\/api.w.org\/{rel}","templated":true}]}}