{"id":23470,"date":"2023-06-01T17:22:36","date_gmt":"2023-06-01T15:22:36","guid":{"rendered":"https:\/\/4pets.pl\/?post_type=product&#038;p=23470"},"modified":"2023-10-13T11:06:12","modified_gmt":"2023-10-13T09:06:12","slug":"grow-pluca-wolowe-200g","status":"publish","type":"product","link":"https:\/\/4pets.pl\/index.php\/produkt\/grow-pluca-wolowe-200g\/","title":{"rendered":"GROW P\u0142uca wo\u0142owe 200g"},"content":{"rendered":"<p>Niskot\u0142uszczowy, lekki gryzak idealnie nadaje si\u0119 na<br \/>\nprzek\u0105sk\u0119 dla ps\u00f3w z nadwag\u0105, a tak\u017ce dla starszych<br \/>\nze wzgl\u0119du du\u017c\u0105 krucho\u015b\u0107 i \u0142atwo\u015b\u0107 gryzienia.<br \/>\nNadaje si\u0119 dla ps\u00f3w wszystkich ras i w ka\u017cdym wieku,<br \/>\nszczeg\u00f3lnie polecany psom wra\u017cliwym.<br \/>\nLubiany przez treser\u00f3w, ze wzgl\u0119du na \u0142atwo\u015b\u0107 kruszenia.<\/p>\n<p>GROW Przysmaki i Gryzaki s\u0105 produkowane w Polsce w ca\u0142o\u015bci z polskich produkt\u00f3w.<br \/>\nProces produkcji w stosunkowo niskiej temperaturze pozwala zachowa\u0107 maksimum<br \/>\nwarto\u015bci od\u017cywczych, a kilkuminutowa pasteryzacja na koniec zapewnia<br \/>\nbezpiecze\u0144stwo produktu.<\/p>\n","protected":false},"excerpt":{"rendered":"<p>Niskot\u0142uszczowy, lekki gryzak idealnie nadaje si\u0119 na przek\u0105sk\u0119 dla ps\u00f3w z nadwag\u0105, a tak\u017ce dla starszych ze wzgl\u0119du du\u017c\u0105 krucho\u015b\u0107&hellip;<\/p>\n","protected":false},"featured_media":23515,"template":"","meta":[],"product_brand":[],"product_cat":[63,20,83],"product_tag":[],"class_list":{"0":"post-23470","1":"product","2":"type-product","3":"status-publish","4":"has-post-thumbnail","6":"product_cat-grow","7":"product_cat-pies","8":"product_cat-przysmaki-gryzaki","10":"first","11":"instock","12":"shipping-taxable","13":"purchasable","14":"product-type-simple"},"_links":{"self":[{"href":"https:\/\/4pets.pl\/index.php\/wp-json\/wp\/v2\/product\/23470","targetHints":{"allow":["GET"]}}],"collection":[{"href":"https:\/\/4pets.pl\/index.php\/wp-json\/wp\/v2\/product"}],"about":[{"href":"https:\/\/4pets.pl\/index.php\/wp-json\/wp\/v2\/types\/product"}],"wp:featuredmedia":[{"embeddable":true,"href":"https:\/\/4pets.pl\/index.php\/wp-json\/wp\/v2\/media\/23515"}],"wp:attachment":[{"href":"https:\/\/4pets.pl\/index.php\/wp-json\/wp\/v2\/media?parent=23470"}],"wp:term":[{"taxonomy":"product_brand","embeddable":true,"href":"https:\/\/4pets.pl\/index.php\/wp-json\/wp\/v2\/product_brand?post=23470"},{"taxonomy":"product_cat","embeddable":true,"href":"https:\/\/4pets.pl\/index.php\/wp-json\/wp\/v2\/product_cat?post=23470"},{"taxonomy":"product_tag","embeddable":true,"href":"https:\/\/4pets.pl\/index.php\/wp-json\/wp\/v2\/product_tag?post=23470"}],"curies":[{"name":"wp","href":"https:\/\/api.w.org\/{rel}","templated":true}]}}