{"id":23475,"date":"2023-06-01T17:22:36","date_gmt":"2023-06-01T15:22:36","guid":{"rendered":"https:\/\/4pets.pl\/?post_type=product&#038;p=23475"},"modified":"2024-04-13T13:39:45","modified_gmt":"2024-04-13T11:39:45","slug":"grow-zwacze-baranie","status":"publish","type":"product","link":"https:\/\/4pets.pl\/index.php\/produkt\/grow-zwacze-baranie\/","title":{"rendered":"GROW \u017bwacze baranie"},"content":{"rendered":"<p>Lekko twarde \u017co\u0142\u0105dki baranie, chrupi\u0105ce o specyficznym<br \/>\nzapachu, pozwalaj\u0105 na uzupe\u0142nienie naturalnej flory bakteryjnej.<br \/>\nBogate w proteiny, niskot\u0142uszczowe idealne w diecie ps\u00f3w<br \/>\nz nadwag\u0105.<br \/>\nU\u0142atwiaj\u0105 trawienie, poprawiaj\u0105 prac\u0119 jelit.<\/p>\n<p>GROW Przysmaki i Gryzaki s\u0105 produkowane w Polsce w ca\u0142o\u015bci z polskich produkt\u00f3w.<br \/>\nProces produkcji w stosunkowo niskiej temperaturze pozwala zachowa\u0107 maksimum<br \/>\nwarto\u015bci od\u017cywczych, a kilkuminutowa pasteryzacja na koniec zapewnia<br \/>\nbezpiecze\u0144stwo produktu.<\/p>\n","protected":false},"excerpt":{"rendered":"<p>Lekko twarde \u017co\u0142\u0105dki baranie, chrupi\u0105ce o specyficznym zapachu, pozwalaj\u0105 na uzupe\u0142nienie naturalnej flory bakteryjnej. Bogate w proteiny, niskot\u0142uszczowe idealne w&hellip;<\/p>\n","protected":false},"featured_media":23510,"template":"","meta":[],"product_brand":[],"product_cat":[63,20,83],"product_tag":[48,49,50,51,52],"class_list":{"0":"post-23475","1":"product","2":"type-product","3":"status-publish","4":"has-post-thumbnail","6":"product_cat-grow","7":"product_cat-pies","8":"product_cat-przysmaki-gryzaki","9":"product_tag-grow","10":"product_tag-gryzak","11":"product_tag-przysmak","12":"product_tag-wolowe","13":"product_tag-zwacze","15":"first","16":"instock","17":"shipping-taxable","18":"purchasable","19":"product-type-variable"},"_links":{"self":[{"href":"https:\/\/4pets.pl\/index.php\/wp-json\/wp\/v2\/product\/23475","targetHints":{"allow":["GET"]}}],"collection":[{"href":"https:\/\/4pets.pl\/index.php\/wp-json\/wp\/v2\/product"}],"about":[{"href":"https:\/\/4pets.pl\/index.php\/wp-json\/wp\/v2\/types\/product"}],"wp:featuredmedia":[{"embeddable":true,"href":"https:\/\/4pets.pl\/index.php\/wp-json\/wp\/v2\/media\/23510"}],"wp:attachment":[{"href":"https:\/\/4pets.pl\/index.php\/wp-json\/wp\/v2\/media?parent=23475"}],"wp:term":[{"taxonomy":"product_brand","embeddable":true,"href":"https:\/\/4pets.pl\/index.php\/wp-json\/wp\/v2\/product_brand?post=23475"},{"taxonomy":"product_cat","embeddable":true,"href":"https:\/\/4pets.pl\/index.php\/wp-json\/wp\/v2\/product_cat?post=23475"},{"taxonomy":"product_tag","embeddable":true,"href":"https:\/\/4pets.pl\/index.php\/wp-json\/wp\/v2\/product_tag?post=23475"}],"curies":[{"name":"wp","href":"https:\/\/api.w.org\/{rel}","templated":true}]}}