{"id":23476,"date":"2023-06-01T17:22:36","date_gmt":"2023-06-01T15:22:36","guid":{"rendered":"https:\/\/4pets.pl\/?post_type=product&#038;p=23476"},"modified":"2023-10-13T11:05:45","modified_gmt":"2023-10-13T09:05:45","slug":"grow-skora-sarny-300g","status":"publish","type":"product","link":"https:\/\/4pets.pl\/index.php\/produkt\/grow-skora-sarny-300g\/","title":{"rendered":"GROW Sk\u00f3ra sarny 300g"},"content":{"rendered":"<p>Do\u015b\u0107 twardy, niskot\u0142uszczowy gryzak z dziczyzny dla<br \/>\nps\u00f3w, w ka\u017cdym wieku.<br \/>\nZajmie pupila na d\u0142u\u017cej.<br \/>\nDobre dla ps\u00f3w z alergi\u0105 pokarmow\u0105.<\/p>\n<p>GROW Przysmaki i Gryzaki s\u0105 produkowane w Polsce w ca\u0142o\u015bci z polskich produkt\u00f3w.<br \/>\nProces produkcji w stosunkowo niskiej temperaturze pozwala zachowa\u0107 maksimum<br \/>\nwarto\u015bci od\u017cywczych, a kilkuminutowa pasteryzacja na koniec zapewnia<br \/>\nbezpiecze\u0144stwo produktu.<\/p>\n","protected":false},"excerpt":{"rendered":"<p>Do\u015b\u0107 twardy, niskot\u0142uszczowy gryzak z dziczyzny dla ps\u00f3w, w ka\u017cdym wieku. Zajmie pupila na d\u0142u\u017cej. Dobre dla ps\u00f3w z alergi\u0105&hellip;<\/p>\n","protected":false},"featured_media":23534,"template":"","meta":[],"product_brand":[],"product_cat":[63,20,83],"product_tag":[],"class_list":{"0":"post-23476","1":"product","2":"type-product","3":"status-publish","4":"has-post-thumbnail","6":"product_cat-grow","7":"product_cat-pies","8":"product_cat-przysmaki-gryzaki","10":"first","11":"instock","12":"shipping-taxable","13":"purchasable","14":"product-type-simple"},"_links":{"self":[{"href":"https:\/\/4pets.pl\/index.php\/wp-json\/wp\/v2\/product\/23476","targetHints":{"allow":["GET"]}}],"collection":[{"href":"https:\/\/4pets.pl\/index.php\/wp-json\/wp\/v2\/product"}],"about":[{"href":"https:\/\/4pets.pl\/index.php\/wp-json\/wp\/v2\/types\/product"}],"wp:featuredmedia":[{"embeddable":true,"href":"https:\/\/4pets.pl\/index.php\/wp-json\/wp\/v2\/media\/23534"}],"wp:attachment":[{"href":"https:\/\/4pets.pl\/index.php\/wp-json\/wp\/v2\/media?parent=23476"}],"wp:term":[{"taxonomy":"product_brand","embeddable":true,"href":"https:\/\/4pets.pl\/index.php\/wp-json\/wp\/v2\/product_brand?post=23476"},{"taxonomy":"product_cat","embeddable":true,"href":"https:\/\/4pets.pl\/index.php\/wp-json\/wp\/v2\/product_cat?post=23476"},{"taxonomy":"product_tag","embeddable":true,"href":"https:\/\/4pets.pl\/index.php\/wp-json\/wp\/v2\/product_tag?post=23476"}],"curies":[{"name":"wp","href":"https:\/\/api.w.org\/{rel}","templated":true}]}}