{"id":23478,"date":"2023-06-01T17:22:37","date_gmt":"2023-06-01T15:22:37","guid":{"rendered":"https:\/\/4pets.pl\/?post_type=product&#038;p=23478"},"modified":"2023-10-13T11:05:16","modified_gmt":"2023-10-13T09:05:16","slug":"grow-uszy-krolika-z-futrem","status":"publish","type":"product","link":"https:\/\/4pets.pl\/index.php\/produkt\/grow-uszy-krolika-z-futrem\/","title":{"rendered":"GROW Uszy kr\u00f3lika z futrem"},"content":{"rendered":"<p style=\"padding-left: 30px\">Delikatny cho\u0107 twardy gryzak o wyj\u0105tkowym smaku, z du\u017c\u0105<br \/>\nzawarto\u015bci\u0105 chrz\u0105stki.<br \/>\nZalecany dla ma\u0142ych i \u015brednich ras.<br \/>\nZajmie psa na d\u0142u\u017cszy czas.<br \/>\nIdealny dla ps\u00f3w z alergi\u0105 i nietolerancj\u0105 pokarmow\u0105.<br \/>\nDodatkowo oczyszcza przew\u00f3d pokarmowy.<\/p>\n<p>GROW Przysmaki i Gryzaki s\u0105 produkowane w Polsce w ca\u0142o\u015bci z polskich produkt\u00f3w.<br \/>\nProces produkcji w stosunkowo niskiej temperaturze pozwala zachowa\u0107 maksimum<br \/>\nwarto\u015bci od\u017cywczych, a kilkuminutowa pasteryzacja na koniec zapewnia<br \/>\nbezpiecze\u0144stwo produktu.<\/p>\n","protected":false},"excerpt":{"rendered":"<p>Delikatny cho\u0107 twardy gryzak o wyj\u0105tkowym smaku, z du\u017c\u0105 zawarto\u015bci\u0105 chrz\u0105stki. Zalecany dla ma\u0142ych i \u015brednich ras. Zajmie psa na&hellip;<\/p>\n","protected":false},"featured_media":23536,"template":"","meta":[],"product_brand":[],"product_cat":[63,20,83],"product_tag":[],"class_list":{"0":"post-23478","1":"product","2":"type-product","3":"status-publish","4":"has-post-thumbnail","6":"product_cat-grow","7":"product_cat-pies","8":"product_cat-przysmaki-gryzaki","10":"first","11":"instock","12":"shipping-taxable","13":"purchasable","14":"product-type-variable"},"_links":{"self":[{"href":"https:\/\/4pets.pl\/index.php\/wp-json\/wp\/v2\/product\/23478","targetHints":{"allow":["GET"]}}],"collection":[{"href":"https:\/\/4pets.pl\/index.php\/wp-json\/wp\/v2\/product"}],"about":[{"href":"https:\/\/4pets.pl\/index.php\/wp-json\/wp\/v2\/types\/product"}],"wp:featuredmedia":[{"embeddable":true,"href":"https:\/\/4pets.pl\/index.php\/wp-json\/wp\/v2\/media\/23536"}],"wp:attachment":[{"href":"https:\/\/4pets.pl\/index.php\/wp-json\/wp\/v2\/media?parent=23478"}],"wp:term":[{"taxonomy":"product_brand","embeddable":true,"href":"https:\/\/4pets.pl\/index.php\/wp-json\/wp\/v2\/product_brand?post=23478"},{"taxonomy":"product_cat","embeddable":true,"href":"https:\/\/4pets.pl\/index.php\/wp-json\/wp\/v2\/product_cat?post=23478"},{"taxonomy":"product_tag","embeddable":true,"href":"https:\/\/4pets.pl\/index.php\/wp-json\/wp\/v2\/product_tag?post=23478"}],"curies":[{"name":"wp","href":"https:\/\/api.w.org\/{rel}","templated":true}]}}