{"id":23524,"date":"2023-06-01T17:23:51","date_gmt":"2023-06-01T15:23:51","guid":{"rendered":"https:\/\/4pets.pl\/?post_type=product&#038;p=23524"},"modified":"2023-10-13T10:58:23","modified_gmt":"2023-10-13T08:58:23","slug":"grow-serca-kurze-200g","status":"publish","type":"product","link":"https:\/\/4pets.pl\/index.php\/produkt\/grow-serca-kurze-200g\/","title":{"rendered":"GROW Serca kurze 200g"},"content":{"rendered":"<p>Kawa\u0142ki mi\u0119\u015bnia sercowego bogatego w bia\u0142ko i \u017celazo,<br \/>\nstanowi\u0105ce bardzo po\u017cywn\u0105 przek\u0105sk\u0119.<br \/>\nMi\u0119so o do\u015b\u0107 niskiej zawarto\u015bci t\u0142uszczu idealne dla ps\u00f3w<br \/>\nz nadwag\u0105.<br \/>\n\u0141atwe do podania, intensywny przyjemny zapach<br \/>\nsprawia, \u017ce s\u0105 ch\u0119tnie u\u017cywane podczas treningu.<\/p>\n<p>GROW Przysmaki i Gryzaki s\u0105 produkowane w Polsce w ca\u0142o\u015bci z polskich produkt\u00f3w.<br \/>\nProces produkcji w stosunkowo niskiej temperaturze pozwala zachowa\u0107 maksimum<br \/>\nwarto\u015bci od\u017cywczych, a kilkuminutowa pasteryzacja na koniec zapewnia<br \/>\nbezpiecze\u0144stwo produktu.<\/p>\n","protected":false},"excerpt":{"rendered":"<p>Kawa\u0142ki mi\u0119\u015bnia sercowego bogatego w bia\u0142ko i \u017celazo, stanowi\u0105ce bardzo po\u017cywn\u0105 przek\u0105sk\u0119. Mi\u0119so o do\u015b\u0107 niskiej zawarto\u015bci t\u0142uszczu idealne dla&hellip;<\/p>\n","protected":false},"featured_media":0,"template":"","meta":[],"product_brand":[],"product_cat":[20,83],"product_tag":[],"class_list":{"0":"post-23524","1":"product","2":"type-product","3":"status-publish","5":"product_cat-pies","6":"product_cat-przysmaki-gryzaki","8":"first","9":"instock","10":"shipping-taxable","11":"purchasable","12":"product-type-simple"},"_links":{"self":[{"href":"https:\/\/4pets.pl\/index.php\/wp-json\/wp\/v2\/product\/23524","targetHints":{"allow":["GET"]}}],"collection":[{"href":"https:\/\/4pets.pl\/index.php\/wp-json\/wp\/v2\/product"}],"about":[{"href":"https:\/\/4pets.pl\/index.php\/wp-json\/wp\/v2\/types\/product"}],"wp:attachment":[{"href":"https:\/\/4pets.pl\/index.php\/wp-json\/wp\/v2\/media?parent=23524"}],"wp:term":[{"taxonomy":"product_brand","embeddable":true,"href":"https:\/\/4pets.pl\/index.php\/wp-json\/wp\/v2\/product_brand?post=23524"},{"taxonomy":"product_cat","embeddable":true,"href":"https:\/\/4pets.pl\/index.php\/wp-json\/wp\/v2\/product_cat?post=23524"},{"taxonomy":"product_tag","embeddable":true,"href":"https:\/\/4pets.pl\/index.php\/wp-json\/wp\/v2\/product_tag?post=23524"}],"curies":[{"name":"wp","href":"https:\/\/api.w.org\/{rel}","templated":true}]}}