{"id":23527,"date":"2023-06-01T17:23:52","date_gmt":"2023-06-01T15:23:52","guid":{"rendered":"https:\/\/4pets.pl\/?post_type=product&#038;p=23527"},"modified":"2023-10-13T10:56:29","modified_gmt":"2023-10-13T08:56:29","slug":"grow-kaczka-z-ryba-junior-l-hubertus","status":"publish","type":"product","link":"https:\/\/4pets.pl\/index.php\/produkt\/grow-kaczka-z-ryba-junior-l-hubertus\/","title":{"rendered":"Grow Kaczka z Ryb\u0105 Junior L Hubertus"},"content":{"rendered":"<p>GROW Kaczka z Ryb\u0105 Junior Large<br \/>\nkarma przeznaczona dla ps\u00f3w m\u0142odych ras du\u017cych.<\/p>\n<p>Sk\u0142ad: kaczka (~50%), mi\u0119so i olej z \u0142ososia (~18%), ekstrudowany ry\u017c, ekstrudowana pszenica, marchew, jab\u0142ka, buraki, serwatka, dro\u017cd\u017ce pogorzelniane, olej lniany, czarnuszka.<\/p>\n<p>Sk\u0142ad analityczny (suchej masy):<br \/>\nbia\u0142ko 27%, t\u0142uszcz 26%, w\u0119glowodany, b\u0142onnik, popi\u00f3\u0142 6,5%, w\u0142\u00f3kno 2,3%, wap\u0144 1,75%, fosfor 1,04%, dodatki: witaminowe (wit A, B1, B2, B6, B12, C, D3, E, K1); mineralne (biotyna, mied\u017a, cynk, s\u00f3d, selen, jod, \u017celazo, magnez); przeciwutleniacz.<\/p>\n<p>Warto\u015b\u0107 energetyczna 395kcal\/100g<\/p>\n<p>Wielko\u015b\u0107 kulki 5-7mm191,25<\/p>\n<p><img loading=\"lazy\" decoding=\"async\" class=\"alignnone size-medium wp-image-7835\" src=\"https:\/\/growfood.pl\/wp-content\/uploads\/2016\/05\/dawkowanie-junior-drob-600x282.jpg\" alt=\"\" width=\"600\" height=\"282\" \/><\/p>\n<p>W produkcji nie u\u017cyto konserwant\u00f3w, sztucznych barwnik\u00f3w, czy polepszaczy.<\/p>\n<p>GROW ma kr\u00f3tki, czteromiesi\u0119czny okres przydatno\u015bci do spo\u017cycia, jest to wynikiem sk\u0142adu karmy opartego na naturalnych sk\u0142adnikach.<\/p>\n<p>Twardo\u015b\u0107 granulek GROW wymusza gryzienie i zapobiega osadzaniu si\u0119 kamienia naz\u0119bnego.<\/p>\n<p><img loading=\"lazy\" decoding=\"async\" class=\"wp-image-7486 aligncenter\" src=\"https:\/\/growfood.pl\/wp-content\/uploads\/2019\/07\/zalety-karm-600x506.jpg\" alt=\"\" width=\"415\" height=\"350\" \/><\/p>\n<p>&nbsp;<\/p>\n<p>Przed zakupem koniecznie przeczytaj:<br \/>\n<a href=\"https:\/\/growfood.pl\/przechowywanie-karm\/\">https:\/\/growfood.pl\/przechowywanie-karm\/<\/a><br \/>\n<a href=\"https:\/\/growfood.pl\/zmiana-karmy\/\">https:\/\/growfood.pl\/zmiana-karmy\/<\/a><\/p>\n<p>&nbsp;<\/p>\n<p>*Zbo\u017ca ekstrudowane (ry\u017c, pszenica) to produkt naturalny, nie zawieraj\u0105cy konserwant\u00f3w, spulchniaczy, czy polepszaczy smaku, przetworzony poprzez obr\u00f3bk\u0119 surowca (zbo\u017ca)<br \/>\nw temperaturze do 200\u00b0C, w otoczeniu wilgotnym i pod ci\u015bnieniem dochodz\u0105cym do 200MPa, w czasie do 30sekund.<br \/>\nObr\u00f3bka taka pozytywnie wp\u0142ywa na produkt, sterylizuj\u0105c go i podnosz\u0105c strawno\u015b\u0107 bia\u0142ka, zmieniaj\u0105c skrobi\u0119 w cukry i umo\u017cliwiaj\u0105c trawienie zbo\u017ca przez psa.<\/p>\n","protected":false},"excerpt":{"rendered":"<p>GROW Kaczka z Ryb\u0105 Junior Large karma przeznaczona dla ps\u00f3w m\u0142odych ras du\u017cych. Sk\u0142ad: kaczka (~50%), mi\u0119so i olej z&hellip;<\/p>\n","protected":false},"featured_media":23582,"template":"","meta":[],"product_brand":[],"product_cat":[63,26,20],"product_tag":[],"class_list":{"0":"post-23527","1":"product","2":"type-product","3":"status-publish","4":"has-post-thumbnail","6":"product_cat-grow","7":"product_cat-karma-sucha","8":"product_cat-pies","10":"first","11":"instock","12":"shipping-taxable","13":"purchasable","14":"product-type-variable"},"_links":{"self":[{"href":"https:\/\/4pets.pl\/index.php\/wp-json\/wp\/v2\/product\/23527","targetHints":{"allow":["GET"]}}],"collection":[{"href":"https:\/\/4pets.pl\/index.php\/wp-json\/wp\/v2\/product"}],"about":[{"href":"https:\/\/4pets.pl\/index.php\/wp-json\/wp\/v2\/types\/product"}],"wp:featuredmedia":[{"embeddable":true,"href":"https:\/\/4pets.pl\/index.php\/wp-json\/wp\/v2\/media\/23582"}],"wp:attachment":[{"href":"https:\/\/4pets.pl\/index.php\/wp-json\/wp\/v2\/media?parent=23527"}],"wp:term":[{"taxonomy":"product_brand","embeddable":true,"href":"https:\/\/4pets.pl\/index.php\/wp-json\/wp\/v2\/product_brand?post=23527"},{"taxonomy":"product_cat","embeddable":true,"href":"https:\/\/4pets.pl\/index.php\/wp-json\/wp\/v2\/product_cat?post=23527"},{"taxonomy":"product_tag","embeddable":true,"href":"https:\/\/4pets.pl\/index.php\/wp-json\/wp\/v2\/product_tag?post=23527"}],"curies":[{"name":"wp","href":"https:\/\/api.w.org\/{rel}","templated":true}]}}