{"id":23531,"date":"2023-06-01T17:23:52","date_gmt":"2023-06-01T15:23:52","guid":{"rendered":"https:\/\/4pets.pl\/?post_type=product&#038;p=23531"},"modified":"2023-10-13T10:55:54","modified_gmt":"2023-10-13T08:55:54","slug":"przysmak-wolowy-300g","status":"publish","type":"product","link":"https:\/\/4pets.pl\/index.php\/produkt\/przysmak-wolowy-300g\/","title":{"rendered":"Przysmak wo\u0142owy 300g"},"content":{"rendered":"<p>Podroby wo\u0142owe z przyprawami, smaczne, o niesamowitym aromacie atrakcyjnym zar\u00f3wno dla psa jak i dla jego opiekuna. Bogate w bia\u0142ko, \u0142atwe do pokruszenia.<\/p>\n<p>Idealne jako nagroda, \u015bwietnie sprawdzaj\u0105 si\u0119 podczas treningu.<\/p>\n","protected":false},"excerpt":{"rendered":"<p>Podroby wo\u0142owe z przyprawami, smaczne, o niesamowitym aromacie atrakcyjnym zar\u00f3wno dla psa jak i dla jego opiekuna. Bogate w bia\u0142ko,&hellip;<\/p>\n","protected":false},"featured_media":23584,"template":"","meta":[],"product_brand":[],"product_cat":[63,20,83],"product_tag":[],"class_list":{"0":"post-23531","1":"product","2":"type-product","3":"status-publish","4":"has-post-thumbnail","6":"product_cat-grow","7":"product_cat-pies","8":"product_cat-przysmaki-gryzaki","10":"first","11":"instock","12":"shipping-taxable","13":"purchasable","14":"product-type-simple"},"_links":{"self":[{"href":"https:\/\/4pets.pl\/index.php\/wp-json\/wp\/v2\/product\/23531","targetHints":{"allow":["GET"]}}],"collection":[{"href":"https:\/\/4pets.pl\/index.php\/wp-json\/wp\/v2\/product"}],"about":[{"href":"https:\/\/4pets.pl\/index.php\/wp-json\/wp\/v2\/types\/product"}],"wp:featuredmedia":[{"embeddable":true,"href":"https:\/\/4pets.pl\/index.php\/wp-json\/wp\/v2\/media\/23584"}],"wp:attachment":[{"href":"https:\/\/4pets.pl\/index.php\/wp-json\/wp\/v2\/media?parent=23531"}],"wp:term":[{"taxonomy":"product_brand","embeddable":true,"href":"https:\/\/4pets.pl\/index.php\/wp-json\/wp\/v2\/product_brand?post=23531"},{"taxonomy":"product_cat","embeddable":true,"href":"https:\/\/4pets.pl\/index.php\/wp-json\/wp\/v2\/product_cat?post=23531"},{"taxonomy":"product_tag","embeddable":true,"href":"https:\/\/4pets.pl\/index.php\/wp-json\/wp\/v2\/product_tag?post=23531"}],"curies":[{"name":"wp","href":"https:\/\/api.w.org\/{rel}","templated":true}]}}