{"id":23565,"date":"2023-06-01T17:24:38","date_gmt":"2023-06-01T15:24:38","guid":{"rendered":"https:\/\/4pets.pl\/?post_type=product&#038;p=23565"},"modified":"2023-10-13T10:48:52","modified_gmt":"2023-10-13T08:48:52","slug":"grow-kacze-lapki","status":"publish","type":"product","link":"https:\/\/4pets.pl\/index.php\/produkt\/grow-kacze-lapki\/","title":{"rendered":"GROW Kacze \u0142apki"},"content":{"rendered":"<p>Kacze \u0142apki, suszone, naturalne, bogate \u017ar\u00f3d\u0142o<br \/>\nkolagenu i chrz\u0105stki wspomagaj\u0105 uk\u0142ad szkieletowy<br \/>\nw fazie wzrostu.<br \/>\nWysoka zawarto\u015b\u0107 \u0142atwo przyswajalnego bia\u0142ka, wapnia,<br \/>\nchrz\u0105stki \u015bwietny przysmak dla psa.<br \/>\nIdealne jako urozmaicenie diety.<\/p>\n<p>GROW Przysmaki i Gryzaki s\u0105 produkowane w Polsce w ca\u0142o\u015bci z polskich produkt\u00f3w.<br \/>\nProces produkcji w stosunkowo niskiej temperaturze pozwala zachowa\u0107 maksimum<br \/>\nwarto\u015bci od\u017cywczych, a kilkuminutowa pasteryzacja na koniec zapewnia<br \/>\nbezpiecze\u0144stwo produktu.<\/p>\n","protected":false},"excerpt":{"rendered":"<p>Kacze \u0142apki, suszone, naturalne, bogate \u017ar\u00f3d\u0142o kolagenu i chrz\u0105stki wspomagaj\u0105 uk\u0142ad szkieletowy w fazie wzrostu. Wysoka zawarto\u015b\u0107 \u0142atwo przyswajalnego bia\u0142ka,&hellip;<\/p>\n","protected":false},"featured_media":23608,"template":"","meta":[],"product_brand":[],"product_cat":[63,20,83],"product_tag":[],"class_list":{"0":"post-23565","1":"product","2":"type-product","3":"status-publish","4":"has-post-thumbnail","6":"product_cat-grow","7":"product_cat-pies","8":"product_cat-przysmaki-gryzaki","10":"first","11":"instock","12":"shipping-taxable","13":"purchasable","14":"product-type-variable"},"_links":{"self":[{"href":"https:\/\/4pets.pl\/index.php\/wp-json\/wp\/v2\/product\/23565","targetHints":{"allow":["GET"]}}],"collection":[{"href":"https:\/\/4pets.pl\/index.php\/wp-json\/wp\/v2\/product"}],"about":[{"href":"https:\/\/4pets.pl\/index.php\/wp-json\/wp\/v2\/types\/product"}],"wp:featuredmedia":[{"embeddable":true,"href":"https:\/\/4pets.pl\/index.php\/wp-json\/wp\/v2\/media\/23608"}],"wp:attachment":[{"href":"https:\/\/4pets.pl\/index.php\/wp-json\/wp\/v2\/media?parent=23565"}],"wp:term":[{"taxonomy":"product_brand","embeddable":true,"href":"https:\/\/4pets.pl\/index.php\/wp-json\/wp\/v2\/product_brand?post=23565"},{"taxonomy":"product_cat","embeddable":true,"href":"https:\/\/4pets.pl\/index.php\/wp-json\/wp\/v2\/product_cat?post=23565"},{"taxonomy":"product_tag","embeddable":true,"href":"https:\/\/4pets.pl\/index.php\/wp-json\/wp\/v2\/product_tag?post=23565"}],"curies":[{"name":"wp","href":"https:\/\/api.w.org\/{rel}","templated":true}]}}