{"id":23566,"date":"2023-06-01T17:24:38","date_gmt":"2023-06-01T15:24:38","guid":{"rendered":"https:\/\/4pets.pl\/?post_type=product&#038;p=23566"},"modified":"2024-04-16T08:54:46","modified_gmt":"2024-04-16T06:54:46","slug":"grow-treserki-rybne","status":"publish","type":"product","link":"https:\/\/4pets.pl\/index.php\/produkt\/grow-treserki-rybne\/","title":{"rendered":"GROW Treserki Rybne"},"content":{"rendered":"<p>Treserki rybne &#8211; krojone i suszone kawa\u0142ki \u015bledzia bogatego<br \/>\nw proteiny i kwasy omega 3 i 6.<br \/>\n\u015awietne jako uzupe\u0142nienie diety pupila, pozytywnie wp\u0142ywa<br \/>\nna prac\u0119 serca, sk\u00f3r\u0119 i sier\u015b\u0107.<\/p>\n<p>Szczeg\u00f3lnie polecane podczas treningu, ju\u017c gotowe do podania bez konieczno\u015bci \u0142amania.<\/p>\n<p>Produkt jednorodny, krojone kawa\u0142ki \u015bledzia ~2-3cm<\/p>\n<p>Kraj pochodzenia Ukraina<\/p>\n<p>GROW Przysmaki i Gryzaki s\u0105 produkowane w ca\u0142o\u015bci bez konserwant\u00f3w.<br \/>\nProces produkcji w stosunkowo niskiej temperaturze pozwala zachowa\u0107 maksimum<br \/>\nwarto\u015bci od\u017cywczych, a kilkuminutowa pasteryzacja na koniec zapewnia<br \/>\nbezpiecze\u0144stwo produktu.<\/p>\n<p>&nbsp;<\/p>\n","protected":false},"excerpt":{"rendered":"<p>Treserki rybne &#8211; krojone i suszone kawa\u0142ki \u015bledzia bogatego w proteiny i kwasy omega 3 i 6. \u015awietne jako uzupe\u0142nienie&hellip;<\/p>\n","protected":false},"featured_media":23609,"template":"","meta":[],"product_brand":[],"product_cat":[63,20,83],"product_tag":[],"class_list":{"0":"post-23566","1":"product","2":"type-product","3":"status-publish","4":"has-post-thumbnail","6":"product_cat-grow","7":"product_cat-pies","8":"product_cat-przysmaki-gryzaki","10":"first","11":"instock","12":"shipping-taxable","13":"purchasable","14":"product-type-variable"},"_links":{"self":[{"href":"https:\/\/4pets.pl\/index.php\/wp-json\/wp\/v2\/product\/23566","targetHints":{"allow":["GET"]}}],"collection":[{"href":"https:\/\/4pets.pl\/index.php\/wp-json\/wp\/v2\/product"}],"about":[{"href":"https:\/\/4pets.pl\/index.php\/wp-json\/wp\/v2\/types\/product"}],"wp:featuredmedia":[{"embeddable":true,"href":"https:\/\/4pets.pl\/index.php\/wp-json\/wp\/v2\/media\/23609"}],"wp:attachment":[{"href":"https:\/\/4pets.pl\/index.php\/wp-json\/wp\/v2\/media?parent=23566"}],"wp:term":[{"taxonomy":"product_brand","embeddable":true,"href":"https:\/\/4pets.pl\/index.php\/wp-json\/wp\/v2\/product_brand?post=23566"},{"taxonomy":"product_cat","embeddable":true,"href":"https:\/\/4pets.pl\/index.php\/wp-json\/wp\/v2\/product_cat?post=23566"},{"taxonomy":"product_tag","embeddable":true,"href":"https:\/\/4pets.pl\/index.php\/wp-json\/wp\/v2\/product_tag?post=23566"}],"curies":[{"name":"wp","href":"https:\/\/api.w.org\/{rel}","templated":true}]}}