{"id":23577,"date":"2023-06-01T17:25:04","date_gmt":"2023-06-01T15:25:04","guid":{"rendered":"https:\/\/4pets.pl\/?post_type=product&#038;p=23577"},"modified":"2024-01-17T07:29:52","modified_gmt":"2024-01-17T06:29:52","slug":"grow-treserki-wolowe-z-mieta","status":"publish","type":"product","link":"https:\/\/4pets.pl\/index.php\/produkt\/grow-treserki-wolowe-z-mieta\/","title":{"rendered":"GROW Treserki Wo\u0142owe z Mi\u0119t\u0105"},"content":{"rendered":"<p>Lekkostrawny, przysmak bogaty w naturalne bia\u0142ko i kolagen.<br \/>\nPosiadaj\u0105 wyj\u0105tkowy smak i zapach wzbogacony o mi\u0119t\u0119,<br \/>\ndzi\u0119ki czemu jest przyjemny dla psa i dla opiekuna,<br \/>\ndoskona\u0142e jako nagroda podczas treningu.<br \/>\nPolecane psom pracuj\u0105cym, maj\u0105cym zwi\u0119kszone<br \/>\nzapotrzebowanie na proteiny.<\/p>\n<p>Sk\u0142ad: mi\u0119so i podroby wo\u0142owe 85%, warzywa i owoce 15%, mi\u0119ta<\/p>\n<p>GROW Przysmaki i Gryzaki s\u0105 produkowane w Polsce w ca\u0142o\u015bci z polskich produkt\u00f3w.<br \/>\nProces produkcji w stosunkowo niskiej temperaturze pozwala zachowa\u0107 maksimum<br \/>\nwarto\u015bci od\u017cywczych, a kilkuminutowa pasteryzacja na koniec zapewnia<br \/>\nbezpiecze\u0144stwo produktu.<\/p>\n","protected":false},"excerpt":{"rendered":"<p>Lekkostrawny, przysmak bogaty w naturalne bia\u0142ko i kolagen. Posiadaj\u0105 wyj\u0105tkowy smak i zapach wzbogacony o mi\u0119t\u0119, dzi\u0119ki czemu jest przyjemny&hellip;<\/p>\n","protected":false},"featured_media":23612,"template":"","meta":[],"product_brand":[],"product_cat":[20,83],"product_tag":[],"class_list":{"0":"post-23577","1":"product","2":"type-product","3":"status-publish","4":"has-post-thumbnail","6":"product_cat-pies","7":"product_cat-przysmaki-gryzaki","9":"first","10":"outofstock","11":"shipping-taxable","12":"purchasable","13":"product-type-variable"},"_links":{"self":[{"href":"https:\/\/4pets.pl\/index.php\/wp-json\/wp\/v2\/product\/23577","targetHints":{"allow":["GET"]}}],"collection":[{"href":"https:\/\/4pets.pl\/index.php\/wp-json\/wp\/v2\/product"}],"about":[{"href":"https:\/\/4pets.pl\/index.php\/wp-json\/wp\/v2\/types\/product"}],"wp:featuredmedia":[{"embeddable":true,"href":"https:\/\/4pets.pl\/index.php\/wp-json\/wp\/v2\/media\/23612"}],"wp:attachment":[{"href":"https:\/\/4pets.pl\/index.php\/wp-json\/wp\/v2\/media?parent=23577"}],"wp:term":[{"taxonomy":"product_brand","embeddable":true,"href":"https:\/\/4pets.pl\/index.php\/wp-json\/wp\/v2\/product_brand?post=23577"},{"taxonomy":"product_cat","embeddable":true,"href":"https:\/\/4pets.pl\/index.php\/wp-json\/wp\/v2\/product_cat?post=23577"},{"taxonomy":"product_tag","embeddable":true,"href":"https:\/\/4pets.pl\/index.php\/wp-json\/wp\/v2\/product_tag?post=23577"}],"curies":[{"name":"wp","href":"https:\/\/api.w.org\/{rel}","templated":true}]}}