{"id":23594,"date":"2023-06-01T17:25:28","date_gmt":"2023-06-01T15:25:28","guid":{"rendered":"https:\/\/4pets.pl\/?post_type=product&#038;p=23594"},"modified":"2024-04-16T08:53:27","modified_gmt":"2024-04-16T06:53:27","slug":"grow-kosc-konska-l","status":"publish","type":"product","link":"https:\/\/4pets.pl\/index.php\/produkt\/grow-kosc-konska-l\/","title":{"rendered":"GROW Ko\u015b\u0107 ko\u0144ska L"},"content":{"rendered":"<p>Wyj\u0105tkowo twardy i aromatyczny gryzak, ko\u015b\u0107 ko\u0144ska z warstw\u0105 mi\u0119sn\u0105, idealna do d\u0142ugiego \u017cucia.<br \/>\nNaturalna zawarto\u015b\u0107 wapnia, chrz\u0105stki i kolagenu stanowi idealne uzupe\u0142nienie diety psa.<\/p>\n<p>Rozmiar L d\u0142ugo\u015b\u0107 oko\u0142o 30cm.<\/p>\n<p>GROW Przysmaki i Gryzaki s\u0105 produkowane w Polsce w ca\u0142o\u015bci z polskich produkt\u00f3w.<br \/>\nProces produkcji w stosunkowo niskiej temperaturze pozwala zachowa\u0107 maksimum<br \/>\nwarto\u015bci od\u017cywczych, a kilkuminutowa pasteryzacja na koniec zapewnia<br \/>\nbezpiecze\u0144stwo produktu.<\/p>\n","protected":false},"excerpt":{"rendered":"<p>Wyj\u0105tkowo twardy i aromatyczny gryzak, ko\u015b\u0107 ko\u0144ska z warstw\u0105 mi\u0119sn\u0105, idealna do d\u0142ugiego \u017cucia. Naturalna zawarto\u015b\u0107 wapnia, chrz\u0105stki i kolagenu&hellip;<\/p>\n","protected":false},"featured_media":23634,"template":"","meta":[],"product_brand":[],"product_cat":[63,20,83],"product_tag":[],"class_list":{"0":"post-23594","1":"product","2":"type-product","3":"status-publish","4":"has-post-thumbnail","6":"product_cat-grow","7":"product_cat-pies","8":"product_cat-przysmaki-gryzaki","10":"first","11":"outofstock","12":"shipping-taxable","13":"purchasable","14":"product-type-simple"},"_links":{"self":[{"href":"https:\/\/4pets.pl\/index.php\/wp-json\/wp\/v2\/product\/23594","targetHints":{"allow":["GET"]}}],"collection":[{"href":"https:\/\/4pets.pl\/index.php\/wp-json\/wp\/v2\/product"}],"about":[{"href":"https:\/\/4pets.pl\/index.php\/wp-json\/wp\/v2\/types\/product"}],"wp:featuredmedia":[{"embeddable":true,"href":"https:\/\/4pets.pl\/index.php\/wp-json\/wp\/v2\/media\/23634"}],"wp:attachment":[{"href":"https:\/\/4pets.pl\/index.php\/wp-json\/wp\/v2\/media?parent=23594"}],"wp:term":[{"taxonomy":"product_brand","embeddable":true,"href":"https:\/\/4pets.pl\/index.php\/wp-json\/wp\/v2\/product_brand?post=23594"},{"taxonomy":"product_cat","embeddable":true,"href":"https:\/\/4pets.pl\/index.php\/wp-json\/wp\/v2\/product_cat?post=23594"},{"taxonomy":"product_tag","embeddable":true,"href":"https:\/\/4pets.pl\/index.php\/wp-json\/wp\/v2\/product_tag?post=23594"}],"curies":[{"name":"wp","href":"https:\/\/api.w.org\/{rel}","templated":true}]}}