{"id":23598,"date":"2023-06-01T17:25:28","date_gmt":"2023-06-01T15:25:28","guid":{"rendered":"https:\/\/4pets.pl\/?post_type=product&#038;p=23598"},"modified":"2024-04-16T08:53:44","modified_gmt":"2024-04-16T06:53:44","slug":"grow-sciegna-wolowe-dlugie","status":"publish","type":"product","link":"https:\/\/4pets.pl\/index.php\/produkt\/grow-sciegna-wolowe-dlugie\/","title":{"rendered":"GROW \u015aci\u0119gna wo\u0142owe d\u0142ugie"},"content":{"rendered":"<p>Wysoka zawarto\u015b\u0107 dobrze strawnego kolagenu i protein.<br \/>\nWyj\u0105tkowo twarde, chrupi\u0105ce i smakowite.<br \/>\nDoskonale nadaj\u0105 si\u0119 do \u017cucia przy okazji oczyszczaj\u0105 z\u0119by i wzmacniaj\u0105 zgryz.<br \/>\nZajm\u0105 psa na d\u0142ugi czas.<br \/>\nCi\u0119te na kawa\u0142ki oko\u0142o 25cm.<\/p>\n<p>GROW Przysmaki i Gryzaki s\u0105 produkowane w Polsce w ca\u0142o\u015bci z polskich produkt\u00f3w.<br \/>\nProces produkcji w stosunkowo niskiej temperaturze pozwala zachowa\u0107 maksimum<br \/>\nwarto\u015bci od\u017cywczych, a kilkuminutowa pasteryzacja na koniec zapewnia<br \/>\nbezpiecze\u0144stwo produktu.<\/p>\n","protected":false},"excerpt":{"rendered":"<p>Wysoka zawarto\u015b\u0107 dobrze strawnego kolagenu i protein. Wyj\u0105tkowo twarde, chrupi\u0105ce i smakowite. Doskonale nadaj\u0105 si\u0119 do \u017cucia przy okazji oczyszczaj\u0105&hellip;<\/p>\n","protected":false},"featured_media":23542,"template":"","meta":[],"product_brand":[],"product_cat":[20,83],"product_tag":[],"class_list":{"0":"post-23598","1":"product","2":"type-product","3":"status-publish","4":"has-post-thumbnail","6":"product_cat-pies","7":"product_cat-przysmaki-gryzaki","9":"first","10":"instock","11":"shipping-taxable","12":"purchasable","13":"product-type-variable"},"_links":{"self":[{"href":"https:\/\/4pets.pl\/index.php\/wp-json\/wp\/v2\/product\/23598","targetHints":{"allow":["GET"]}}],"collection":[{"href":"https:\/\/4pets.pl\/index.php\/wp-json\/wp\/v2\/product"}],"about":[{"href":"https:\/\/4pets.pl\/index.php\/wp-json\/wp\/v2\/types\/product"}],"wp:featuredmedia":[{"embeddable":true,"href":"https:\/\/4pets.pl\/index.php\/wp-json\/wp\/v2\/media\/23542"}],"wp:attachment":[{"href":"https:\/\/4pets.pl\/index.php\/wp-json\/wp\/v2\/media?parent=23598"}],"wp:term":[{"taxonomy":"product_brand","embeddable":true,"href":"https:\/\/4pets.pl\/index.php\/wp-json\/wp\/v2\/product_brand?post=23598"},{"taxonomy":"product_cat","embeddable":true,"href":"https:\/\/4pets.pl\/index.php\/wp-json\/wp\/v2\/product_cat?post=23598"},{"taxonomy":"product_tag","embeddable":true,"href":"https:\/\/4pets.pl\/index.php\/wp-json\/wp\/v2\/product_tag?post=23598"}],"curies":[{"name":"wp","href":"https:\/\/api.w.org\/{rel}","templated":true}]}}